{"id":500,"date":"2023-03-28T18:34:03","date_gmt":"2023-03-28T18:34:03","guid":{"rendered":"http:\/\/coval.com.br.previewc75.carrierzone.com\/?page_id=500"},"modified":"2023-05-15T14:46:13","modified_gmt":"2023-05-15T14:46:13","slug":"adapador","status":"publish","type":"page","link":"http:\/\/coval.com.br\/?page_id=500","title":{"rendered":"Adaptador de PVC"},"content":{"rendered":"\t\t<div data-elementor-type=\"wp-page\" data-elementor-id=\"500\" class=\"elementor elementor-500\">\n\t\t\t\t\t\t\t\t\t<section class=\"elementor-section elementor-top-section elementor-element elementor-element-385aff3 elementor-section-boxed elementor-section-height-default elementor-section-height-default\" data-id=\"385aff3\" data-element_type=\"section\">\n\t\t\t\t\t\t<div class=\"elementor-container elementor-column-gap-default\">\n\t\t\t\t\t<div class=\"elementor-column elementor-col-100 elementor-top-column elementor-element elementor-element-a2e8c6e\" data-id=\"a2e8c6e\" data-element_type=\"column\">\n\t\t\t<div class=\"elementor-widget-wrap elementor-element-populated\">\n\t\t\t\t\t\t\t\t<div class=\"elementor-element elementor-element-40322bb elementor-widget elementor-widget-spacer\" data-id=\"40322bb\" data-element_type=\"widget\" data-widget_type=\"spacer.default\">\n\t\t\t\t<div class=\"elementor-widget-container\">\n\t\t\t<style>\/*! elementor - v3.11.5 - 14-03-2023 *\/\n.elementor-column .elementor-spacer-inner{height:var(--spacer-size)}.e-con{--container-widget-width:100%}.e-con-inner>.elementor-widget-spacer,.e-con>.elementor-widget-spacer{width:var(--container-widget-width,var(--spacer-size));--align-self:var(--container-widget-align-self,initial);--flex-shrink:0}.e-con-inner>.elementor-widget-spacer>.elementor-widget-container,.e-con-inner>.elementor-widget-spacer>.elementor-widget-container>.elementor-spacer,.e-con>.elementor-widget-spacer>.elementor-widget-container,.e-con>.elementor-widget-spacer>.elementor-widget-container>.elementor-spacer{height:100%}.e-con-inner>.elementor-widget-spacer>.elementor-widget-container>.elementor-spacer>.elementor-spacer-inner,.e-con>.elementor-widget-spacer>.elementor-widget-container>.elementor-spacer>.elementor-spacer-inner{height:var(--container-widget-height,var(--spacer-size))}<\/style>\t\t<div class=\"elementor-spacer\">\n\t\t\t<div class=\"elementor-spacer-inner\"><\/div>\n\t\t<\/div>\n\t\t\t\t<\/div>\n\t\t\t\t<\/div>\n\t\t\t\t\t<\/div>\n\t\t<\/div>\n\t\t\t\t\t\t\t<\/div>\n\t\t<\/section>\n\t\t\t\t<section class=\"elementor-section elementor-top-section elementor-element elementor-element-01ee0a9 elementor-section-boxed elementor-section-height-default elementor-section-height-default\" data-id=\"01ee0a9\" data-element_type=\"section\" data-settings=\"{&quot;background_background&quot;:&quot;gradient&quot;}\">\n\t\t\t\t\t\t<div class=\"elementor-container elementor-column-gap-default\">\n\t\t\t\t\t<div class=\"elementor-column elementor-col-100 elementor-top-column elementor-element elementor-element-7bb12a7\" data-id=\"7bb12a7\" data-element_type=\"column\">\n\t\t\t<div class=\"elementor-widget-wrap elementor-element-populated\">\n\t\t\t\t\t\t\t\t<section class=\"elementor-section elementor-inner-section elementor-element elementor-element-5e5c2e1 elementor-section-boxed elementor-section-height-default elementor-section-height-default\" data-id=\"5e5c2e1\" data-element_type=\"section\">\n\t\t\t\t\t\t<div class=\"elementor-container elementor-column-gap-default\">\n\t\t\t\t\t<div class=\"elementor-column elementor-col-50 elementor-inner-column elementor-element elementor-element-e86e4c5\" data-id=\"e86e4c5\" data-element_type=\"column\">\n\t\t\t<div class=\"elementor-widget-wrap elementor-element-populated\">\n\t\t\t\t\t\t\t\t<div class=\"elementor-element elementor-element-e8fca7c elementor-widget elementor-widget-elementskit-heading\" data-id=\"e8fca7c\" data-element_type=\"widget\" data-widget_type=\"elementskit-heading.default\">\n\t\t\t\t<div class=\"elementor-widget-container\">\n\t\t\t<div class=\"ekit-wid-con\" ><div class=\"ekit-heading elementskit-section-title-wraper text_left   ekit_heading_tablet-   ekit_heading_mobile-\"><h2 class=\"ekit-heading--title elementskit-section-title \">Adaptador de pvc sold\u00e1vel<\/h2>\t\t\t\t<div class='ekit-heading__description'>\n\t\t\t\t\t<p class=\"center\">Adaptador desenvolvido para viabilizar o uso dos registros de 110 mm com os tubos de irriga\u00e7\u00e3o de 4\" ou esgoto de 100 mm.<\/p>\n\t\t\t\t<\/div>\n\t\t\t<\/div><\/div>\t\t<\/div>\n\t\t\t\t<\/div>\n\t\t\t\t<div class=\"elementor-element elementor-element-744b223 elementor-widget__width-initial elementor-widget elementor-widget-text-editor\" data-id=\"744b223\" data-element_type=\"widget\" data-widget_type=\"text-editor.default\">\n\t\t\t\t<div class=\"elementor-widget-container\">\n\t\t\t<style>\/*! elementor - v3.11.5 - 14-03-2023 *\/\n.elementor-widget-text-editor.elementor-drop-cap-view-stacked .elementor-drop-cap{background-color:#818a91;color:#fff}.elementor-widget-text-editor.elementor-drop-cap-view-framed .elementor-drop-cap{color:#818a91;border:3px solid;background-color:transparent}.elementor-widget-text-editor:not(.elementor-drop-cap-view-default) .elementor-drop-cap{margin-top:8px}.elementor-widget-text-editor:not(.elementor-drop-cap-view-default) .elementor-drop-cap-letter{width:1em;height:1em}.elementor-widget-text-editor .elementor-drop-cap{float:left;text-align:center;line-height:1;font-size:50px}.elementor-widget-text-editor .elementor-drop-cap-letter{display:inline-block}<\/style>\t\t\t\t<p>110 x 101,6 mm<\/p>\t\t\t\t\t\t<\/div>\n\t\t\t\t<\/div>\n\t\t\t\t\t<\/div>\n\t\t<\/div>\n\t\t\t\t<div class=\"elementor-column elementor-col-50 elementor-inner-column elementor-element elementor-element-8a24735\" data-id=\"8a24735\" data-element_type=\"column\">\n\t\t\t<div class=\"elementor-widget-wrap elementor-element-populated\">\n\t\t\t\t\t\t\t\t<div class=\"elementor-element elementor-element-92fd31e elementor-widget elementor-widget-image\" data-id=\"92fd31e\" data-element_type=\"widget\" data-widget_type=\"image.default\">\n\t\t\t\t<div class=\"elementor-widget-container\">\n\t\t\t<style>\/*! elementor - v3.11.5 - 14-03-2023 *\/\n.elementor-widget-image{text-align:center}.elementor-widget-image a{display:inline-block}.elementor-widget-image a img[src$=\".svg\"]{width:48px}.elementor-widget-image img{vertical-align:middle;display:inline-block}<\/style>\t\t\t\t\t\t\t\t\t\t\t\t<img loading=\"lazy\" decoding=\"async\" width=\"330\" height=\"318\" src=\"http:\/\/coval.com.br.previewc75.carrierzone.com\/wp-content\/uploads\/2023\/03\/adaptadorSoldavel.png\" class=\"attachment-large size-large wp-image-119\" alt=\"\" srcset=\"http:\/\/coval.com.br.previewc75.carrierzone.com\/wp-content\/uploads\/2023\/03\/adaptadorSoldavel.png 330w, http:\/\/coval.com.br.previewc75.carrierzone.com\/wp-content\/uploads\/2023\/03\/adaptadorSoldavel-300x289.png 300w\" sizes=\"auto, (max-width: 330px) 100vw, 330px\" style=\"width:100%;height:96.36%;max-width:330px\" \/>\t\t\t\t\t\t\t\t\t\t\t\t\t\t\t<\/div>\n\t\t\t\t<\/div>\n\t\t\t\t\t<\/div>\n\t\t<\/div>\n\t\t\t\t\t\t\t<\/div>\n\t\t<\/section>\n\t\t\t\t\t<\/div>\n\t\t<\/div>\n\t\t\t\t\t\t\t<\/div>\n\t\t<\/section>\n\t\t\t\t<section class=\"elementor-section elementor-top-section elementor-element elementor-element-403024e elementor-section-boxed elementor-section-height-default elementor-section-height-default\" data-id=\"403024e\" data-element_type=\"section\">\n\t\t\t\t\t\t<div class=\"elementor-container elementor-column-gap-default\">\n\t\t\t\t\t<div class=\"elementor-column elementor-col-100 elementor-top-column elementor-element elementor-element-d2bbb72\" data-id=\"d2bbb72\" data-element_type=\"column\">\n\t\t\t<div class=\"elementor-widget-wrap elementor-element-populated\">\n\t\t\t\t\t\t\t\t<div class=\"elementor-element elementor-element-07ae740 elementor-widget elementor-widget-spacer\" data-id=\"07ae740\" data-element_type=\"widget\" data-widget_type=\"spacer.default\">\n\t\t\t\t<div class=\"elementor-widget-container\">\n\t\t\t\t\t<div class=\"elementor-spacer\">\n\t\t\t<div class=\"elementor-spacer-inner\"><\/div>\n\t\t<\/div>\n\t\t\t\t<\/div>\n\t\t\t\t<\/div>\n\t\t\t\t\t<\/div>\n\t\t<\/div>\n\t\t\t\t\t\t\t<\/div>\n\t\t<\/section>\n\t\t\t\t<section class=\"elementor-section elementor-top-section elementor-element elementor-element-80d84c2 elementor-section-boxed elementor-section-height-default elementor-section-height-default\" data-id=\"80d84c2\" data-element_type=\"section\">\n\t\t\t\t\t\t<div class=\"elementor-container elementor-column-gap-default\">\n\t\t\t\t\t<div class=\"elementor-column elementor-col-100 elementor-top-column elementor-element elementor-element-ff977a2\" data-id=\"ff977a2\" data-element_type=\"column\">\n\t\t\t<div class=\"elementor-widget-wrap elementor-element-populated\">\n\t\t\t\t\t\t\t\t<div class=\"elementor-element elementor-element-f050cd7 a elementor-widget elementor-widget-table\" data-id=\"f050cd7\" data-element_type=\"widget\" data-widget_type=\"table.default\">\n\t\t\t\t<div class=\"elementor-widget-container\">\n\t\t\t\t\t\n\t\t<table class=\"ee-table ee-table--even ee-table--rules\">\n\n\t\t\t\t\t\t<colgroup>\n\t\t\t\t\t\t\t\t<col span=\"1\" class=\"elementor-repeater-item-e90b5b6\">\n\t\t\t\t\t\t\t<\/colgroup>\n\t\t<thead>\n\t\t\t<tr class=\"ee-table__row\">\n\n\t\t\t<th class=\"ee-table__cell elementor-repeater-item-64bcb33\">\n\t\t\t\t\t<span class=\"ee-table__text\"><span class=\"ee-table__text__inner\">Bitola<\/span>\n\n\t\t\t\t\t\t\n\t\t\t\t\t<\/span>\n\t\t\t\t<\/th>\n\n\t\t\t<th class=\"ee-table__cell elementor-repeater-item-4c8f15b\">\n\t\t\t\t\t<span class=\"ee-table__text\"><span class=\"ee-table__text__inner\">Tipo de uni\u00e3o<\/span>\n\n\t\t\t\t\t\t\n\t\t\t\t\t<\/span>\n\t\t\t\t<\/th>\n\n\t\t\t<th class=\"ee-table__cell elementor-repeater-item-f46613b\">\n\t\t\t\t\t<span class=\"ee-table__text\"><span class=\"ee-table__text__inner\">Pe\u00e7as na caixa<\/span>\n\n\t\t\t\t\t\t\n\t\t\t\t\t<\/span>\n\t\t\t\t<\/th>\n\n\t\t\t\t\t\t<\/tr>\n\t\t<\/thead><tbody><tr class=\"ee-table__row elementor-repeater-item-cf7208e\">\n\t\t<td class=\"ee-table__cell elementor-repeater-item-c15f4ff\">\n\t\t\t<span class=\"ee-table__text\"><span class=\"ee-table__text__inner\">110 mm x 101,6 mm<\/span>\n\n\t\t\t<\/span>\n\t\t<\/td><td class=\"ee-table__cell elementor-repeater-item-9f2d7d2\">\n\t\t\t<span class=\"ee-table__text\"><span class=\"ee-table__text__inner\">Solda<\/span>\n\n\t\t\t<\/span>\n\t\t<\/td><td class=\"ee-table__cell elementor-repeater-item-60d0747\">\n\t\t\t<span class=\"ee-table__text\"><span class=\"ee-table__text__inner\">1<\/span>\n\n\t\t\t<\/span>\n\t\t<\/td><\/tr>\n\t\t\t<\/tbody>\n\t\t<\/table>\n\n\t\t\t\t<\/div>\n\t\t\t\t<\/div>\n\t\t\t\t\t<\/div>\n\t\t<\/div>\n\t\t\t\t\t\t\t<\/div>\n\t\t<\/section>\n\t\t\t\t<section class=\"elementor-section elementor-top-section elementor-element elementor-element-83d651c elementor-section-boxed elementor-section-height-default elementor-section-height-default\" data-id=\"83d651c\" data-element_type=\"section\">\n\t\t\t\t\t\t<div class=\"elementor-container elementor-column-gap-default\">\n\t\t\t\t\t<div class=\"elementor-column elementor-col-100 elementor-top-column elementor-element elementor-element-b83fb41\" data-id=\"b83fb41\" data-element_type=\"column\">\n\t\t\t<div class=\"elementor-widget-wrap elementor-element-populated\">\n\t\t\t\t\t\t\t\t<div class=\"elementor-element elementor-element-4e8c502 elementor-widget elementor-widget-spacer\" data-id=\"4e8c502\" data-element_type=\"widget\" data-widget_type=\"spacer.default\">\n\t\t\t\t<div class=\"elementor-widget-container\">\n\t\t\t\t\t<div class=\"elementor-spacer\">\n\t\t\t<div class=\"elementor-spacer-inner\"><\/div>\n\t\t<\/div>\n\t\t\t\t<\/div>\n\t\t\t\t<\/div>\n\t\t\t\t\t<\/div>\n\t\t<\/div>\n\t\t\t\t\t\t\t<\/div>\n\t\t<\/section>\n\t\t\t\t\t\t\t<\/div>\n\t\t","protected":false},"excerpt":{"rendered":"<p>Adaptador de pvc sold\u00e1vel Adaptador desenvolvido para viabilizar o uso dos registros de 110 mm com os tubos de irriga\u00e7\u00e3o de 4&#8243; ou esgoto de 100 mm. 110 x 101,6 mm Bitola Tipo de uni\u00e3o Pe\u00e7as na caixa 110 mm x 101,6 mm Solda 1<\/p>\n","protected":false},"author":1,"featured_media":0,"parent":0,"menu_order":0,"comment_status":"closed","ping_status":"closed","template":"elementor_header_footer","meta":{"footnotes":""},"class_list":["post-500","page","type-page","status-publish","hentry","entry"],"_links":{"self":[{"href":"http:\/\/coval.com.br\/index.php?rest_route=\/wp\/v2\/pages\/500","targetHints":{"allow":["GET"]}}],"collection":[{"href":"http:\/\/coval.com.br\/index.php?rest_route=\/wp\/v2\/pages"}],"about":[{"href":"http:\/\/coval.com.br\/index.php?rest_route=\/wp\/v2\/types\/page"}],"author":[{"embeddable":true,"href":"http:\/\/coval.com.br\/index.php?rest_route=\/wp\/v2\/users\/1"}],"replies":[{"embeddable":true,"href":"http:\/\/coval.com.br\/index.php?rest_route=%2Fwp%2Fv2%2Fcomments&post=500"}],"version-history":[{"count":10,"href":"http:\/\/coval.com.br\/index.php?rest_route=\/wp\/v2\/pages\/500\/revisions"}],"predecessor-version":[{"id":1265,"href":"http:\/\/coval.com.br\/index.php?rest_route=\/wp\/v2\/pages\/500\/revisions\/1265"}],"wp:attachment":[{"href":"http:\/\/coval.com.br\/index.php?rest_route=%2Fwp%2Fv2%2Fmedia&parent=500"}],"curies":[{"name":"wp","href":"https:\/\/api.w.org\/{rel}","templated":true}]}}